{"id":706,"date":"2025-10-21T04:42:33","date_gmt":"2025-10-21T02:42:33","guid":{"rendered":"https:\/\/comercializadoramaxielectricos.com\/?post_type=product&#038;p=706"},"modified":"2025-10-21T04:42:34","modified_gmt":"2025-10-21T02:42:34","slug":"cable-concetrico-trifasico-366-aluminio","status":"publish","type":"product","link":"https:\/\/comercializadoramaxielectricos.com\/?product=cable-concetrico-trifasico-366-aluminio","title":{"rendered":"CABLE CONCETRICO TRIFASICO 3*6+6 ALUMINIO"},"content":{"rendered":"<p>El <strong data-start=\"327\" data-end=\"376\">Cable Conc\u00e9ntrico Trif\u00e1sico 3&#215;6+6 de Aluminio<\/strong> est\u00e1 dise\u00f1ado para la <strong data-start=\"399\" data-end=\"478\">distribuci\u00f3n segura y eficiente de energ\u00eda el\u00e9ctrica en sistemas trif\u00e1sicos<\/strong>. Su construcci\u00f3n con tres conductores de aluminio y un neutro conc\u00e9ntrico proporciona <strong data-start=\"565\" data-end=\"628\">\u00f3ptima conductividad, bajo peso y alta resistencia mec\u00e1nica<\/strong>, lo que facilita su instalaci\u00f3n y manejo.<br data-start=\"670\" data-end=\"673\" \/>Es ideal para acometidas <strong data-start=\"698\" data-end=\"743\">residenciales, comerciales e industriales<\/strong>, ofreciendo <strong data-start=\"756\" data-end=\"835\">una excelente relaci\u00f3n costo-beneficio, durabilidad y estabilidad el\u00e9ctrica<\/strong>. Fabricado bajo las <strong data-start=\"856\" data-end=\"901\">normas RETIE y est\u00e1ndares internacionales<\/strong>, garantiza <strong data-start=\"913\" data-end=\"956\" data-is-only-node=\"\">seguridad, eficiencia y larga vida \u00fatil<\/strong> en todo tipo de instalaci\u00f3n el\u00e9ctrica.<\/p>\n","protected":false},"excerpt":{"rendered":"<p>Cable conc\u00e9ntrico trif\u00e1sico 3&#215;6+6 de aluminio, ideal para acometidas el\u00e9ctricas trif\u00e1sicas. Ligero, resistente y de excelente desempe\u00f1o.<\/p>\n","protected":false},"featured_media":707,"comment_status":"open","ping_status":"closed","template":"","meta":[],"product_brand":[],"product_cat":[157],"product_tag":[162,163,161,137,147,148],"class_list":{"0":"post-706","1":"product","2":"type-product","3":"status-publish","4":"has-post-thumbnail","6":"product_cat-acometidas-en-aluminio","7":"product_tag-162","8":"product_tag-3x66","9":"product_tag-cable-366","10":"product_tag-cable-acometida","11":"product_tag-cable-concentrico-trifasico","12":"product_tag-cable-trifasico","14":"first","15":"instock","16":"taxable","17":"shipping-taxable","18":"product-type-simple"},"aioseo_notices":[],"_links":{"self":[{"href":"https:\/\/comercializadoramaxielectricos.com\/index.php?rest_route=\/wp\/v2\/product\/706","targetHints":{"allow":["GET"]}}],"collection":[{"href":"https:\/\/comercializadoramaxielectricos.com\/index.php?rest_route=\/wp\/v2\/product"}],"about":[{"href":"https:\/\/comercializadoramaxielectricos.com\/index.php?rest_route=\/wp\/v2\/types\/product"}],"replies":[{"embeddable":true,"href":"https:\/\/comercializadoramaxielectricos.com\/index.php?rest_route=%2Fwp%2Fv2%2Fcomments&post=706"}],"version-history":[{"count":1,"href":"https:\/\/comercializadoramaxielectricos.com\/index.php?rest_route=\/wp\/v2\/product\/706\/revisions"}],"predecessor-version":[{"id":708,"href":"https:\/\/comercializadoramaxielectricos.com\/index.php?rest_route=\/wp\/v2\/product\/706\/revisions\/708"}],"wp:featuredmedia":[{"embeddable":true,"href":"https:\/\/comercializadoramaxielectricos.com\/index.php?rest_route=\/wp\/v2\/media\/707"}],"wp:attachment":[{"href":"https:\/\/comercializadoramaxielectricos.com\/index.php?rest_route=%2Fwp%2Fv2%2Fmedia&parent=706"}],"wp:term":[{"taxonomy":"product_brand","embeddable":true,"href":"https:\/\/comercializadoramaxielectricos.com\/index.php?rest_route=%2Fwp%2Fv2%2Fproduct_brand&post=706"},{"taxonomy":"product_cat","embeddable":true,"href":"https:\/\/comercializadoramaxielectricos.com\/index.php?rest_route=%2Fwp%2Fv2%2Fproduct_cat&post=706"},{"taxonomy":"product_tag","embeddable":true,"href":"https:\/\/comercializadoramaxielectricos.com\/index.php?rest_route=%2Fwp%2Fv2%2Fproduct_tag&post=706"}],"curies":[{"name":"wp","href":"https:\/\/api.w.org\/{rel}","templated":true}]}}