{"id":703,"date":"2025-10-21T04:38:18","date_gmt":"2025-10-21T02:38:18","guid":{"rendered":"https:\/\/comercializadoramaxielectricos.com\/?post_type=product&#038;p=703"},"modified":"2025-10-21T04:38:18","modified_gmt":"2025-10-21T02:38:18","slug":"cable-concentrico-bifasico-266-aluminio","status":"publish","type":"product","link":"https:\/\/comercializadoramaxielectricos.com\/?product=cable-concentrico-bifasico-266-aluminio","title":{"rendered":"CABLE CONCENTRICO BIFASICO 2*6+6 ALUMINIO"},"content":{"rendered":"<p>El <strong data-start=\"326\" data-end=\"374\">Cable Conc\u00e9ntrico Bif\u00e1sico 2&#215;6+6 de Aluminio<\/strong> est\u00e1 dise\u00f1ado para la <strong data-start=\"397\" data-end=\"477\">transmisi\u00f3n y distribuci\u00f3n segura de energ\u00eda el\u00e9ctrica en sistemas bif\u00e1sicos<\/strong>. Su estructura con dos conductores de aluminio de alta pureza y un neutro conc\u00e9ntrico garantiza <strong data-start=\"574\" data-end=\"640\">buena conductividad, bajo peso y resistencia mec\u00e1nica superior<\/strong>.<br data-start=\"641\" data-end=\"644\" \/>Ideal para acometidas <strong data-start=\"666\" data-end=\"719\">residenciales, comerciales e industriales ligeras<\/strong>, ofrece <strong data-start=\"728\" data-end=\"810\">durabilidad, facilidad de instalaci\u00f3n y una excelente relaci\u00f3n costo-beneficio<\/strong>. Fabricado bajo las <strong data-start=\"831\" data-end=\"887\">normas RETIE y est\u00e1ndares internacionales de calidad<\/strong>, asegura <strong data-start=\"897\" data-end=\"955\" data-is-only-node=\"\">conexiones el\u00e9ctricas confiables, eficientes y seguras<\/strong>.<\/p>\n","protected":false},"excerpt":{"rendered":"<p>Cable conc\u00e9ntrico bif\u00e1sico 2&#215;6+6 de aluminio, ideal para acometidas el\u00e9ctricas bif\u00e1sicas. Ligero, resistente y de excelente rendimiento.<\/p>\n","protected":false},"featured_media":704,"comment_status":"open","ping_status":"closed","template":"","meta":[],"product_brand":[],"product_cat":[157],"product_tag":[160,137,146,138,145],"class_list":{"0":"post-703","1":"product","2":"type-product","3":"status-publish","4":"has-post-thumbnail","6":"product_cat-acometidas-en-aluminio","7":"product_tag-160","8":"product_tag-cable-acometida","9":"product_tag-cable-acometida-bifasico","10":"product_tag-cable-concentrico","11":"product_tag-cable-concentrico-bifasico","13":"first","14":"instock","15":"taxable","16":"shipping-taxable","17":"product-type-simple"},"aioseo_notices":[],"_links":{"self":[{"href":"https:\/\/comercializadoramaxielectricos.com\/index.php?rest_route=\/wp\/v2\/product\/703","targetHints":{"allow":["GET"]}}],"collection":[{"href":"https:\/\/comercializadoramaxielectricos.com\/index.php?rest_route=\/wp\/v2\/product"}],"about":[{"href":"https:\/\/comercializadoramaxielectricos.com\/index.php?rest_route=\/wp\/v2\/types\/product"}],"replies":[{"embeddable":true,"href":"https:\/\/comercializadoramaxielectricos.com\/index.php?rest_route=%2Fwp%2Fv2%2Fcomments&post=703"}],"version-history":[{"count":1,"href":"https:\/\/comercializadoramaxielectricos.com\/index.php?rest_route=\/wp\/v2\/product\/703\/revisions"}],"predecessor-version":[{"id":705,"href":"https:\/\/comercializadoramaxielectricos.com\/index.php?rest_route=\/wp\/v2\/product\/703\/revisions\/705"}],"wp:featuredmedia":[{"embeddable":true,"href":"https:\/\/comercializadoramaxielectricos.com\/index.php?rest_route=\/wp\/v2\/media\/704"}],"wp:attachment":[{"href":"https:\/\/comercializadoramaxielectricos.com\/index.php?rest_route=%2Fwp%2Fv2%2Fmedia&parent=703"}],"wp:term":[{"taxonomy":"product_brand","embeddable":true,"href":"https:\/\/comercializadoramaxielectricos.com\/index.php?rest_route=%2Fwp%2Fv2%2Fproduct_brand&post=703"},{"taxonomy":"product_cat","embeddable":true,"href":"https:\/\/comercializadoramaxielectricos.com\/index.php?rest_route=%2Fwp%2Fv2%2Fproduct_cat&post=703"},{"taxonomy":"product_tag","embeddable":true,"href":"https:\/\/comercializadoramaxielectricos.com\/index.php?rest_route=%2Fwp%2Fv2%2Fproduct_tag&post=703"}],"curies":[{"name":"wp","href":"https:\/\/api.w.org\/{rel}","templated":true}]}}