{"id":636,"date":"2025-06-19T22:11:53","date_gmt":"2025-06-19T20:11:53","guid":{"rendered":"https:\/\/comercializadoramaxielectricos.com\/?post_type=product&#038;p=636"},"modified":"2025-06-19T22:13:23","modified_gmt":"2025-06-19T20:13:23","slug":"cable-aislado-no-6-awg-cobre-thhn-verde-metro","status":"publish","type":"product","link":"https:\/\/comercializadoramaxielectricos.com\/?product=cable-aislado-no-6-awg-cobre-thhn-verde-metro","title":{"rendered":"Cable Aislado No 6 AWG Cobre THHN Verde Metro"},"content":{"rendered":"<p data-start=\"356\" data-end=\"664\">El <strong data-start=\"359\" data-end=\"409\">Cable Aislado No. 6 AWG Cobre THHN color Verde <\/strong>es un conductor monofilar fabricado en cobre de alta pureza, recubierto con aislamiento termopl\u00e1stico (PVC) y una capa protectora de nylon. Su dise\u00f1o est\u00e1 pensado para canalizaciones el\u00e9ctricas en interiores, cumpliendo con normas t\u00e9cnicas como el RETIE.<\/p>\n<p data-start=\"666\" data-end=\"987\">Con una capacidad de operaci\u00f3n hasta 90\u202f\u00b0C en seco, este cable ofrece excelente resistencia mec\u00e1nica, a la abrasi\u00f3n y la humedad. Es ideal para proyectos residenciales, comerciales e industriales que requieren seguridad y rendimiento el\u00e9ctrico confiable. Disponible por metro para mayor flexibilidad en tus instalaciones.<\/p>\n","protected":false},"excerpt":{"rendered":"<p>Cable THHN No. 6 AWG en cobre, color Verde. Alta conductividad y resistencia para instalaciones el\u00e9ctricas seguras.<\/p>\n","protected":false},"featured_media":0,"comment_status":"open","ping_status":"closed","template":"","meta":[],"product_brand":[],"product_cat":[122],"product_tag":[64,67,129,130,90,131,69,72,68],"class_list":{"0":"post-636","1":"product","2":"type-product","3":"status-publish","5":"product_cat-cable-de-cobre-thhn","6":"product_tag-7-hilos","7":"product_tag-cable-6","8":"product_tag-cable-aislado-6","9":"product_tag-cable-cobre-aislado-6","10":"product_tag-centelsa","11":"product_tag-cobre-6","12":"product_tag-comercilizadora","13":"product_tag-en-cobre","14":"product_tag-maxielctricos","16":"first","17":"instock","18":"taxable","19":"shipping-taxable","20":"purchasable","21":"product-type-simple"},"aioseo_notices":[],"_links":{"self":[{"href":"https:\/\/comercializadoramaxielectricos.com\/index.php?rest_route=\/wp\/v2\/product\/636","targetHints":{"allow":["GET"]}}],"collection":[{"href":"https:\/\/comercializadoramaxielectricos.com\/index.php?rest_route=\/wp\/v2\/product"}],"about":[{"href":"https:\/\/comercializadoramaxielectricos.com\/index.php?rest_route=\/wp\/v2\/types\/product"}],"replies":[{"embeddable":true,"href":"https:\/\/comercializadoramaxielectricos.com\/index.php?rest_route=%2Fwp%2Fv2%2Fcomments&post=636"}],"version-history":[{"count":2,"href":"https:\/\/comercializadoramaxielectricos.com\/index.php?rest_route=\/wp\/v2\/product\/636\/revisions"}],"predecessor-version":[{"id":640,"href":"https:\/\/comercializadoramaxielectricos.com\/index.php?rest_route=\/wp\/v2\/product\/636\/revisions\/640"}],"wp:attachment":[{"href":"https:\/\/comercializadoramaxielectricos.com\/index.php?rest_route=%2Fwp%2Fv2%2Fmedia&parent=636"}],"wp:term":[{"taxonomy":"product_brand","embeddable":true,"href":"https:\/\/comercializadoramaxielectricos.com\/index.php?rest_route=%2Fwp%2Fv2%2Fproduct_brand&post=636"},{"taxonomy":"product_cat","embeddable":true,"href":"https:\/\/comercializadoramaxielectricos.com\/index.php?rest_route=%2Fwp%2Fv2%2Fproduct_cat&post=636"},{"taxonomy":"product_tag","embeddable":true,"href":"https:\/\/comercializadoramaxielectricos.com\/index.php?rest_route=%2Fwp%2Fv2%2Fproduct_tag&post=636"}],"curies":[{"name":"wp","href":"https:\/\/api.w.org\/{rel}","templated":true}]}}