{"id":408,"date":"2025-04-04T21:39:05","date_gmt":"2025-04-04T19:39:05","guid":{"rendered":"https:\/\/comercializadoramaxielectricos.com\/?post_type=product&#038;p=408"},"modified":"2025-04-04T21:39:13","modified_gmt":"2025-04-04T19:39:13","slug":"alambre-de-cobre-aislado-thhn-no-10-metros-negro","status":"publish","type":"product","link":"https:\/\/comercializadoramaxielectricos.com\/?product=alambre-de-cobre-aislado-thhn-no-10-metros-negro","title":{"rendered":"Alambre de Cobre Aislado THHN No 10 *Metros Negro"},"content":{"rendered":"<p data-sourcepos=\"3:1-3:27\"><strong>Caracter\u00edsticas y Usos:<\/strong><\/p>\n<ul data-sourcepos=\"5:1-16:0\">\n<li data-sourcepos=\"5:1-5:201\"><strong>Tipo de Aislamiento:<\/strong> THHN (Termopl\u00e1stico de Alta Resistencia al Calor y Nylon). Este tipo de aislamiento lo hace resistente a la humedad, aceites y gasolina, y tambi\u00e9n ofrece protecci\u00f3n mec\u00e1nica.<\/li>\n<li data-sourcepos=\"6:1-6:165\"><strong>Calibre:<\/strong> No. 10 AWG (American Wire Gauge). Este calibre es com\u00fanmente utilizado para circuitos de iluminaci\u00f3n, enchufes y electrodom\u00e9sticos de mediano consumo.<\/li>\n<li data-sourcepos=\"7:1-7:148\"><strong>Material del Conductor:<\/strong> Cobre. El cobre es un excelente conductor de electricidad, lo que garantiza una transmisi\u00f3n eficiente de la corriente.<\/li>\n<li data-sourcepos=\"8:1-12:65\"><strong>Usos Comunes:<\/strong>\n<ul data-sourcepos=\"9:5-12:65\">\n<li data-sourcepos=\"9:5-9:73\">Instalaciones el\u00e9ctricas residenciales, comerciales e industriales.<\/li>\n<li data-sourcepos=\"10:5-10:47\">Circuitos de fuerza, control y alumbrado.<\/li>\n<li data-sourcepos=\"11:5-11:47\">Instalaciones en interiores y exteriores.<\/li>\n<li data-sourcepos=\"12:5-12:65\">Puede usarse en conductos, tuber\u00edas y bandejas portacables.<\/li>\n<\/ul>\n<\/li>\n<li data-sourcepos=\"13:1-16:0\"><strong>Especificaciones importantes:<\/strong>\n<ul data-sourcepos=\"14:5-16:0\">\n<li data-sourcepos=\"14:5-14:28\">Voltaje m\u00e1ximo: 600 V.<\/li>\n<li data-sourcepos=\"15:5-16:0\">Temperatura m\u00e1xima de operaci\u00f3n: 90\u00b0C.<\/li>\n<\/ul>\n<\/li>\n<\/ul>\n<ul data-sourcepos=\"19:1-22:0\">\n<li data-sourcepos=\"21:1-22:0\"><strong>Usos:<\/strong><\/li>\n<li data-sourcepos=\"21:1-21:69\">Instalaciones el\u00e9ctricas residenciales, comerciales e industriales.<\/li>\n<li data-sourcepos=\"22:1-22:27\">Circuitos de iluminaci\u00f3n.<\/li>\n<li data-sourcepos=\"23:1-23:41\">Circuitos de enchufes y tomacorrientes.<\/li>\n<li data-sourcepos=\"24:1-24:51\">Conexi\u00f3n de electrodom\u00e9sticos de mediano consumo.<\/li>\n<li data-sourcepos=\"25:1-25:22\">Sistemas de control.<\/li>\n<li data-sourcepos=\"26:1-26:62\">Instalaciones en conductos, tuber\u00edas y bandejas portacables.<\/li>\n<li data-sourcepos=\"27:1-28:0\">Circuitos ramales, alimentadores y de entrada o acometida.<\/li>\n<\/ul>\n","protected":false},"excerpt":{"rendered":"<p>Alambre de cobre No. 10 THHN, aislado, para instalaciones el\u00e9ctricas.<\/p>\n","protected":false},"featured_media":0,"comment_status":"open","ping_status":"closed","template":"","meta":[],"product_brand":[],"product_cat":[101],"product_tag":[105,59,114,115,90,73,69,72,68,89,97],"class_list":{"0":"post-408","1":"product","2":"type-product","3":"status-publish","5":"product_cat-alambre-de-cobre-thhn","6":"product_tag-1-solo-filamento","7":"product_tag-alambre","8":"product_tag-alambre-10","9":"product_tag-alambre-no-10","10":"product_tag-centelsa","11":"product_tag-certificado","12":"product_tag-comercilizadora","13":"product_tag-en-cobre","14":"product_tag-maxielctricos","15":"product_tag-procables","16":"product_tag-rollo-por-100","18":"first","19":"instock","20":"taxable","21":"shipping-taxable","22":"purchasable","23":"product-type-simple"},"aioseo_notices":[],"_links":{"self":[{"href":"https:\/\/comercializadoramaxielectricos.com\/index.php?rest_route=\/wp\/v2\/product\/408","targetHints":{"allow":["GET"]}}],"collection":[{"href":"https:\/\/comercializadoramaxielectricos.com\/index.php?rest_route=\/wp\/v2\/product"}],"about":[{"href":"https:\/\/comercializadoramaxielectricos.com\/index.php?rest_route=\/wp\/v2\/types\/product"}],"replies":[{"embeddable":true,"href":"https:\/\/comercializadoramaxielectricos.com\/index.php?rest_route=%2Fwp%2Fv2%2Fcomments&post=408"}],"version-history":[{"count":0,"href":"https:\/\/comercializadoramaxielectricos.com\/index.php?rest_route=\/wp\/v2\/product\/408\/revisions"}],"wp:attachment":[{"href":"https:\/\/comercializadoramaxielectricos.com\/index.php?rest_route=%2Fwp%2Fv2%2Fmedia&parent=408"}],"wp:term":[{"taxonomy":"product_brand","embeddable":true,"href":"https:\/\/comercializadoramaxielectricos.com\/index.php?rest_route=%2Fwp%2Fv2%2Fproduct_brand&post=408"},{"taxonomy":"product_cat","embeddable":true,"href":"https:\/\/comercializadoramaxielectricos.com\/index.php?rest_route=%2Fwp%2Fv2%2Fproduct_cat&post=408"},{"taxonomy":"product_tag","embeddable":true,"href":"https:\/\/comercializadoramaxielectricos.com\/index.php?rest_route=%2Fwp%2Fv2%2Fproduct_tag&post=408"}],"curies":[{"name":"wp","href":"https:\/\/api.w.org\/{rel}","templated":true}]}}