{"id":393,"date":"2025-04-04T18:26:04","date_gmt":"2025-04-04T16:26:04","guid":{"rendered":"https:\/\/comercializadoramaxielectricos.com\/?post_type=product&#038;p=393"},"modified":"2025-10-28T02:35:49","modified_gmt":"2025-10-28T01:35:49","slug":"alambre-de-cobre-aislado-thhn-no-12-metros-amarillo","status":"publish","type":"product","link":"https:\/\/comercializadoramaxielectricos.com\/?product=alambre-de-cobre-aislado-thhn-no-12-metros-amarillo","title":{"rendered":"Alambre de Cobre Aislado THHN No 12 *Metros Amarillo"},"content":{"rendered":"<ul>\n<li data-sourcepos=\"9:1-9:408\">Este alambre de cobre aislado THHN n\u00famero 12, en rollo de color Amarillo , es la soluci\u00f3n ideal para tus instalaciones el\u00e9ctricas. Fabricado con cobre de alta pureza, garantiza una excelente conductividad y seguridad. Su aislamiento de PVC y cubierta de nylon le confieren una gran resistencia a la humedad, al calor y a la abrasi\u00f3n, cumpliendo con las normas UL 83 y NTC 1332.<\/li>\n<li data-sourcepos=\"10:1-10:216\">Perfecto para instalaciones residenciales, comerciales e industriales, tanto en interiores como en exteriores. Su flexibilidad facilita su manejo y su color blanco permite una f\u00e1cil identificaci\u00f3n en tus proyectos.<\/li>\n<li data-sourcepos=\"11:1-11:153\"><span class=\"citation-0 citation-end-0 interactive-span-selected-v2\">Alambre N\u00b0 12 AWG (3.31 mm\u00b2) de cobre suave conductor solido tipo THHN\/THWN 2 90\u00baC 600 V UL 83\/NTC 1332 aislamiento PVC cubierta de nylon<\/span><\/li>\n<\/ul>\n","protected":false},"excerpt":{"rendered":"<p>Alambre cobre aislado THHN #12, metros Amarillo , alta calidad.<\/p>\n","protected":false},"featured_media":0,"comment_status":"open","ping_status":"closed","template":"","meta":[],"product_brand":[],"product_cat":[101],"product_tag":[105,91,109,90,73,62,69,72,68],"class_list":{"0":"post-393","1":"product","2":"type-product","3":"status-publish","5":"product_cat-alambre-de-cobre-thhn","6":"product_tag-1-solo-filamento","7":"product_tag-alambre-12","8":"product_tag-alambre-12-centelsa","9":"product_tag-centelsa","10":"product_tag-certificado","11":"product_tag-cobre","12":"product_tag-comercilizadora","13":"product_tag-en-cobre","14":"product_tag-maxielctricos","16":"first","17":"instock","18":"taxable","19":"shipping-taxable","20":"purchasable","21":"product-type-simple"},"aioseo_notices":[],"_links":{"self":[{"href":"https:\/\/comercializadoramaxielectricos.com\/index.php?rest_route=\/wp\/v2\/product\/393","targetHints":{"allow":["GET"]}}],"collection":[{"href":"https:\/\/comercializadoramaxielectricos.com\/index.php?rest_route=\/wp\/v2\/product"}],"about":[{"href":"https:\/\/comercializadoramaxielectricos.com\/index.php?rest_route=\/wp\/v2\/types\/product"}],"replies":[{"embeddable":true,"href":"https:\/\/comercializadoramaxielectricos.com\/index.php?rest_route=%2Fwp%2Fv2%2Fcomments&post=393"}],"version-history":[{"count":1,"href":"https:\/\/comercializadoramaxielectricos.com\/index.php?rest_route=\/wp\/v2\/product\/393\/revisions"}],"predecessor-version":[{"id":715,"href":"https:\/\/comercializadoramaxielectricos.com\/index.php?rest_route=\/wp\/v2\/product\/393\/revisions\/715"}],"wp:attachment":[{"href":"https:\/\/comercializadoramaxielectricos.com\/index.php?rest_route=%2Fwp%2Fv2%2Fmedia&parent=393"}],"wp:term":[{"taxonomy":"product_brand","embeddable":true,"href":"https:\/\/comercializadoramaxielectricos.com\/index.php?rest_route=%2Fwp%2Fv2%2Fproduct_brand&post=393"},{"taxonomy":"product_cat","embeddable":true,"href":"https:\/\/comercializadoramaxielectricos.com\/index.php?rest_route=%2Fwp%2Fv2%2Fproduct_cat&post=393"},{"taxonomy":"product_tag","embeddable":true,"href":"https:\/\/comercializadoramaxielectricos.com\/index.php?rest_route=%2Fwp%2Fv2%2Fproduct_tag&post=393"}],"curies":[{"name":"wp","href":"https:\/\/api.w.org\/{rel}","templated":true}]}}