{"id":372,"date":"2025-03-18T21:59:10","date_gmt":"2025-03-18T20:59:10","guid":{"rendered":"https:\/\/comercializadoramaxielectricos.com\/?post_type=product&#038;p=372"},"modified":"2025-03-18T21:59:10","modified_gmt":"2025-03-18T20:59:10","slug":"alambre-de-cobre-aislado-thhn-no-14-rollo-verde-centelsa","status":"publish","type":"product","link":"https:\/\/comercializadoramaxielectricos.com\/?product=alambre-de-cobre-aislado-thhn-no-14-rollo-verde-centelsa","title":{"rendered":"Alambre de Cobre Aislado THHN No 14 Rollo Verde Centelsa"},"content":{"rendered":"<div class=\"woocommerce-tabs wc-tabs-wrapper\">\n<div id=\"tab-description\" class=\"woocommerce-Tabs-panel woocommerce-Tabs-panel--description panel entry-content wc-tab\" role=\"tabpanel\" aria-labelledby=\"tab-title-description\">\n<ul>\n<li data-sourcepos=\"9:1-9:460\">El alambre de cobre aislado THHN No. 14 de Centelsa\u00a0 en rollo de color verde es un conductor el\u00e9ctrico de alta calidad dise\u00f1ado para instalaciones el\u00e9ctricas residenciales, comerciales e industriales. Este cable cumple con la norma THHN (Thermoplastic High Heat-resistant Nylon-coated), lo que significa que est\u00e1 fabricado con un aislamiento termopl\u00e1stico resistente al calor y recubierto de nailon para mayor protecci\u00f3n mec\u00e1nica y resistencia a la abrasi\u00f3n.<\/li>\n<li data-sourcepos=\"10:1-18:165\">Caracter\u00edsticas principales:\n<ul data-sourcepos=\"11:5-18:165\">\n<li data-sourcepos=\"11:5-11:69\">Conductor de cobre: Alta conductividad el\u00e9ctrica y durabilidad.<\/li>\n<li data-sourcepos=\"12:5-12:103\">Aislamiento THHN: Resistencia al calor hasta 90\u00b0C en ambientes secos y 75\u00b0C en ambientes h\u00famedos.<\/li>\n<li data-sourcepos=\"13:5-13:88\">Recubrimiento de nailon: Protecci\u00f3n contra abrasi\u00f3n, productos qu\u00edmicos y humedad.<\/li>\n<li data-sourcepos=\"14:5-14:104\">Calibre No. 14 AWG: Adecuado para circuitos de iluminaci\u00f3n, tomacorrientes y otros usos generales.<\/li>\n<li data-sourcepos=\"15:5-15:74\">Color verde: Facilita la identificaci\u00f3n en instalaciones el\u00e9ctricas.<\/li>\n<li data-sourcepos=\"16:5-16:49\">Rollo: Facilita el manejo y la instalaci\u00f3n.<\/li>\n<li data-sourcepos=\"17:5-17:164\">Este cable es ideal para instalaciones en conductos, bandejas portacables o directamente enterrado, siempre cumpliendo con las normativas el\u00e9ctricas vigentes.<\/li>\n<li data-sourcepos=\"18:5-18:165\">Procables es una marca reconocida por la calidad y confiabilidad de sus productos, asegurando un rendimiento seguro y duradero en tus instalaciones el\u00e9ctricas.<\/li>\n<\/ul>\n<\/li>\n<\/ul>\n<\/div>\n<\/div>\n<section class=\"related products\">\n<h2>Productos relacionados<\/h2>\n<\/section>\n","protected":false},"excerpt":{"rendered":"<p>Alambre de cobre THHN #14 verde, rollo centelsa<\/p>\n","protected":false},"featured_media":375,"comment_status":"open","ping_status":"closed","template":"","meta":[],"product_brand":[],"product_cat":[101],"product_tag":[105,93,112,90,73,62,69,63,72,97],"class_list":{"0":"post-372","1":"product","2":"type-product","3":"status-publish","4":"has-post-thumbnail","6":"product_cat-alambre-de-cobre-thhn","7":"product_tag-1-solo-filamento","8":"product_tag-alambre-14","9":"product_tag-alambre-14-centelsa","10":"product_tag-centelsa","11":"product_tag-certificado","12":"product_tag-cobre","13":"product_tag-comercilizadora","14":"product_tag-conductor","15":"product_tag-en-cobre","16":"product_tag-rollo-por-100","18":"first","19":"instock","20":"taxable","21":"shipping-taxable","22":"purchasable","23":"product-type-simple"},"aioseo_notices":[],"_links":{"self":[{"href":"https:\/\/comercializadoramaxielectricos.com\/index.php?rest_route=\/wp\/v2\/product\/372","targetHints":{"allow":["GET"]}}],"collection":[{"href":"https:\/\/comercializadoramaxielectricos.com\/index.php?rest_route=\/wp\/v2\/product"}],"about":[{"href":"https:\/\/comercializadoramaxielectricos.com\/index.php?rest_route=\/wp\/v2\/types\/product"}],"replies":[{"embeddable":true,"href":"https:\/\/comercializadoramaxielectricos.com\/index.php?rest_route=%2Fwp%2Fv2%2Fcomments&post=372"}],"version-history":[{"count":0,"href":"https:\/\/comercializadoramaxielectricos.com\/index.php?rest_route=\/wp\/v2\/product\/372\/revisions"}],"wp:featuredmedia":[{"embeddable":true,"href":"https:\/\/comercializadoramaxielectricos.com\/index.php?rest_route=\/wp\/v2\/media\/375"}],"wp:attachment":[{"href":"https:\/\/comercializadoramaxielectricos.com\/index.php?rest_route=%2Fwp%2Fv2%2Fmedia&parent=372"}],"wp:term":[{"taxonomy":"product_brand","embeddable":true,"href":"https:\/\/comercializadoramaxielectricos.com\/index.php?rest_route=%2Fwp%2Fv2%2Fproduct_brand&post=372"},{"taxonomy":"product_cat","embeddable":true,"href":"https:\/\/comercializadoramaxielectricos.com\/index.php?rest_route=%2Fwp%2Fv2%2Fproduct_cat&post=372"},{"taxonomy":"product_tag","embeddable":true,"href":"https:\/\/comercializadoramaxielectricos.com\/index.php?rest_route=%2Fwp%2Fv2%2Fproduct_tag&post=372"}],"curies":[{"name":"wp","href":"https:\/\/api.w.org\/{rel}","templated":true}]}}