{"id":351,"date":"2025-02-28T06:22:27","date_gmt":"2025-02-28T05:22:27","guid":{"rendered":"https:\/\/comercializadoramaxielectricos.com\/?post_type=product&#038;p=351"},"modified":"2025-05-12T22:37:09","modified_gmt":"2025-05-12T20:37:09","slug":"alambre-de-cobre-aislado-thhn-no-14-rollo-amarillo-procables","status":"publish","type":"product","link":"https:\/\/comercializadoramaxielectricos.com\/?product=alambre-de-cobre-aislado-thhn-no-14-rollo-amarillo-procables","title":{"rendered":"Alambre de Cobre Aislado THHN No 14 Rollo Amarillo Procables"},"content":{"rendered":"<ul>\n<li data-sourcepos=\"9:1-9:546\">El Alambre de Cobre Aislado THHN No 14 Rollo Amarillo de Procables es un conductor el\u00e9ctrico de alta calidad dise\u00f1ado para una amplia gama de aplicaciones. Este alambre est\u00e1 fabricado con cobre de alta pureza, lo que garantiza una excelente conductividad y eficiencia en la transmisi\u00f3n de corriente. El aislamiento THHN (Termopl\u00e1stico de Alta Resistencia al Calor y Nylon) proporciona una protecci\u00f3n superior contra la humedad, el calor, la abrasi\u00f3n y los productos qu\u00edmicos, lo que lo hace ideal para instalaciones en entornos secos y h\u00famedos.<\/li>\n<li data-sourcepos=\"10:1-10:416\">Este alambre cumple con las normas y certificaciones de seguridad el\u00e9ctrica, lo que asegura su fiabilidad y durabilidad. El rollo amarillo facilita la identificaci\u00f3n del calibre del alambre, lo que agiliza el proceso de instalaci\u00f3n. Es adecuado para instalaciones el\u00e9ctricas residenciales, comerciales e industriales, incluyendo cableado de circuitos de iluminaci\u00f3n, tomacorrientes y otros dispositivos el\u00e9ctricos.<\/li>\n<li data-sourcepos=\"11:1-22:0\">Caracter\u00edsticas clave:\n<ul data-sourcepos=\"12:5-22:0\">\n<li data-sourcepos=\"12:5-12:61\">Calibre 14 AWG: Adecuado para circuitos de 15 amperios.<\/li>\n<li data-sourcepos=\"13:5-13:71\">Aislamiento THHN: Resistencia al calor, la humedad y la abrasi\u00f3n.<\/li>\n<li data-sourcepos=\"14:5-14:37\">Material: Cobre de alta pureza.<\/li>\n<li data-sourcepos=\"15:5-15:48\">Color: Amarillo para f\u00e1cil identificaci\u00f3n.<\/li>\n<li data-sourcepos=\"16:5-16:72\">Aplicaciones: Instalaciones el\u00e9ctricas en interiores y exteriores.<\/li>\n<li data-sourcepos=\"17:5-22:0\">Este alambre puede ser instalado en:\n<ul data-sourcepos=\"18:9-22:0\">\n<li data-sourcepos=\"18:9-18:31\">Bandejas portacables.<\/li>\n<li data-sourcepos=\"19:9-19:17\">Ductos.<\/li>\n<li data-sourcepos=\"20:9-20:25\">Canalizaciones.<\/li>\n<li data-sourcepos=\"21:9-22:0\">En sitios secos y mojados.<\/li>\n<\/ul>\n<\/li>\n<\/ul>\n<\/li>\n<\/ul>\n","protected":false},"excerpt":{"rendered":"<p>Alambre de cobre THHN #14, rollo amarillo Procables.<\/p>\n","protected":false},"featured_media":416,"comment_status":"open","ping_status":"closed","template":"","meta":[],"product_brand":[],"product_cat":[101],"product_tag":[105,59,93,111,110,69,72,68,97],"class_list":{"0":"post-351","1":"product","2":"type-product","3":"status-publish","4":"has-post-thumbnail","6":"product_cat-alambre-de-cobre-thhn","7":"product_tag-1-solo-filamento","8":"product_tag-alambre","9":"product_tag-alambre-14","10":"product_tag-alambre-14-amarillo","11":"product_tag-alambre-14-procables","12":"product_tag-comercilizadora","13":"product_tag-en-cobre","14":"product_tag-maxielctricos","15":"product_tag-rollo-por-100","17":"first","18":"instock","19":"taxable","20":"shipping-taxable","21":"purchasable","22":"product-type-simple"},"aioseo_notices":[],"_links":{"self":[{"href":"https:\/\/comercializadoramaxielectricos.com\/index.php?rest_route=\/wp\/v2\/product\/351","targetHints":{"allow":["GET"]}}],"collection":[{"href":"https:\/\/comercializadoramaxielectricos.com\/index.php?rest_route=\/wp\/v2\/product"}],"about":[{"href":"https:\/\/comercializadoramaxielectricos.com\/index.php?rest_route=\/wp\/v2\/types\/product"}],"replies":[{"embeddable":true,"href":"https:\/\/comercializadoramaxielectricos.com\/index.php?rest_route=%2Fwp%2Fv2%2Fcomments&post=351"}],"version-history":[{"count":0,"href":"https:\/\/comercializadoramaxielectricos.com\/index.php?rest_route=\/wp\/v2\/product\/351\/revisions"}],"wp:featuredmedia":[{"embeddable":true,"href":"https:\/\/comercializadoramaxielectricos.com\/index.php?rest_route=\/wp\/v2\/media\/416"}],"wp:attachment":[{"href":"https:\/\/comercializadoramaxielectricos.com\/index.php?rest_route=%2Fwp%2Fv2%2Fmedia&parent=351"}],"wp:term":[{"taxonomy":"product_brand","embeddable":true,"href":"https:\/\/comercializadoramaxielectricos.com\/index.php?rest_route=%2Fwp%2Fv2%2Fproduct_brand&post=351"},{"taxonomy":"product_cat","embeddable":true,"href":"https:\/\/comercializadoramaxielectricos.com\/index.php?rest_route=%2Fwp%2Fv2%2Fproduct_cat&post=351"},{"taxonomy":"product_tag","embeddable":true,"href":"https:\/\/comercializadoramaxielectricos.com\/index.php?rest_route=%2Fwp%2Fv2%2Fproduct_tag&post=351"}],"curies":[{"name":"wp","href":"https:\/\/api.w.org\/{rel}","templated":true}]}}