{"id":287,"date":"2025-02-18T23:25:23","date_gmt":"2025-02-18T22:25:23","guid":{"rendered":"https:\/\/comercializadoramaxielectricos.com\/?post_type=product&#038;p=287"},"modified":"2025-02-18T23:25:23","modified_gmt":"2025-02-18T22:25:23","slug":"alambre-desnudo-cobre-no-10-por-metros","status":"publish","type":"product","link":"https:\/\/comercializadoramaxielectricos.com\/?product=alambre-desnudo-cobre-no-10-por-metros","title":{"rendered":"Alambre Desnudo Cobre No 10 por Metros"},"content":{"rendered":"<p>Alambre desnudo de cobre No. 10, de alta conductividad y resistencia a la corrosi\u00f3n, ideal para sistemas el\u00e9ctricos, tierras f\u00edsicas y aplicaciones industriales. Fabricado con cobre 100% puro, garantiza una excelente transmisi\u00f3n de corriente y durabilidad. Se vende por metros seg\u00fan su necesidad.<\/p>\n","protected":false},"excerpt":{"rendered":"<p>Alambre de cobre No. 10, ideal para instalaciones el\u00e9ctricas seguras.<\/p>\n","protected":false},"featured_media":289,"comment_status":"open","ping_status":"closed","template":"","meta":[],"product_brand":[],"product_cat":[47],"product_tag":[59,85,100,98,28,73,62,69,60,99,68,87],"class_list":{"0":"post-287","1":"product","2":"type-product","3":"status-publish","4":"has-post-thumbnail","6":"product_cat-alambre-desnudo-cobre","7":"product_tag-alambre","8":"product_tag-alambre-desnudo","9":"product_tag-alambre-desnudo-10-por-metros","10":"product_tag-alambre10","11":"product_tag-carrete","12":"product_tag-certificado","13":"product_tag-cobre","14":"product_tag-comercilizadora","15":"product_tag-desnudo","16":"product_tag-desnudo-10","17":"product_tag-maxielctricos","18":"product_tag-por-metros","20":"first","21":"instock","22":"taxable","23":"shipping-taxable","24":"purchasable","25":"product-type-simple"},"aioseo_notices":[],"_links":{"self":[{"href":"https:\/\/comercializadoramaxielectricos.com\/index.php?rest_route=\/wp\/v2\/product\/287","targetHints":{"allow":["GET"]}}],"collection":[{"href":"https:\/\/comercializadoramaxielectricos.com\/index.php?rest_route=\/wp\/v2\/product"}],"about":[{"href":"https:\/\/comercializadoramaxielectricos.com\/index.php?rest_route=\/wp\/v2\/types\/product"}],"replies":[{"embeddable":true,"href":"https:\/\/comercializadoramaxielectricos.com\/index.php?rest_route=%2Fwp%2Fv2%2Fcomments&post=287"}],"version-history":[{"count":0,"href":"https:\/\/comercializadoramaxielectricos.com\/index.php?rest_route=\/wp\/v2\/product\/287\/revisions"}],"wp:featuredmedia":[{"embeddable":true,"href":"https:\/\/comercializadoramaxielectricos.com\/index.php?rest_route=\/wp\/v2\/media\/289"}],"wp:attachment":[{"href":"https:\/\/comercializadoramaxielectricos.com\/index.php?rest_route=%2Fwp%2Fv2%2Fmedia&parent=287"}],"wp:term":[{"taxonomy":"product_brand","embeddable":true,"href":"https:\/\/comercializadoramaxielectricos.com\/index.php?rest_route=%2Fwp%2Fv2%2Fproduct_brand&post=287"},{"taxonomy":"product_cat","embeddable":true,"href":"https:\/\/comercializadoramaxielectricos.com\/index.php?rest_route=%2Fwp%2Fv2%2Fproduct_cat&post=287"},{"taxonomy":"product_tag","embeddable":true,"href":"https:\/\/comercializadoramaxielectricos.com\/index.php?rest_route=%2Fwp%2Fv2%2Fproduct_tag&post=287"}],"curies":[{"name":"wp","href":"https:\/\/api.w.org\/{rel}","templated":true}]}}