{"id":266,"date":"2025-02-17T04:48:53","date_gmt":"2025-02-17T03:48:53","guid":{"rendered":"https:\/\/comercializadoramaxielectricos.com\/?post_type=product&#038;p=266"},"modified":"2025-02-17T04:48:53","modified_gmt":"2025-02-17T03:48:53","slug":"cable-desnudo-cobre-no-4-0-por-metros","status":"publish","type":"product","link":"https:\/\/comercializadoramaxielectricos.com\/?product=cable-desnudo-cobre-no-4-0-por-metros","title":{"rendered":"Cable Desnudo Cobre No 4\/0 por Metros"},"content":{"rendered":"<p>Cable de cobre desnudo calibre No 4\/0, fabricado con cobre 99.9% puro para m\u00e1xima conductividad el\u00e9ctrica y eficiencia en la transmisi\u00f3n de corriente. Ideal para sistemas de puesta a tierra, l\u00edneas de distribuci\u00f3n el\u00e9ctrica y aplicaciones industriales. Resistente a la corrosi\u00f3n y condiciones ambientales extremas. Se vende por metro para adaptarse a cualquier necesidad de instalaci\u00f3n.<\/p>\n","protected":false},"excerpt":{"rendered":"<p>Cable de cobre desnudo No 4\/0, alta conductividad, venta por metro.<\/p>\n","protected":false},"featured_media":268,"comment_status":"open","ping_status":"closed","template":"","meta":[],"product_brand":[],"product_cat":[47],"product_tag":[83,64,84,82,73,62,69,63,60,72],"class_list":{"0":"post-266","1":"product","2":"type-product","3":"status-publish","4":"has-post-thumbnail","6":"product_cat-alambre-desnudo-cobre","7":"product_tag-4-0","8":"product_tag-7-hilos","9":"product_tag-cable-4-0","10":"product_tag-calibre-4-0","11":"product_tag-certificado","12":"product_tag-cobre","13":"product_tag-comercilizadora","14":"product_tag-conductor","15":"product_tag-desnudo","16":"product_tag-en-cobre","18":"first","19":"instock","20":"taxable","21":"shipping-taxable","22":"purchasable","23":"product-type-simple"},"aioseo_notices":[],"_links":{"self":[{"href":"https:\/\/comercializadoramaxielectricos.com\/index.php?rest_route=\/wp\/v2\/product\/266","targetHints":{"allow":["GET"]}}],"collection":[{"href":"https:\/\/comercializadoramaxielectricos.com\/index.php?rest_route=\/wp\/v2\/product"}],"about":[{"href":"https:\/\/comercializadoramaxielectricos.com\/index.php?rest_route=\/wp\/v2\/types\/product"}],"replies":[{"embeddable":true,"href":"https:\/\/comercializadoramaxielectricos.com\/index.php?rest_route=%2Fwp%2Fv2%2Fcomments&post=266"}],"version-history":[{"count":0,"href":"https:\/\/comercializadoramaxielectricos.com\/index.php?rest_route=\/wp\/v2\/product\/266\/revisions"}],"wp:featuredmedia":[{"embeddable":true,"href":"https:\/\/comercializadoramaxielectricos.com\/index.php?rest_route=\/wp\/v2\/media\/268"}],"wp:attachment":[{"href":"https:\/\/comercializadoramaxielectricos.com\/index.php?rest_route=%2Fwp%2Fv2%2Fmedia&parent=266"}],"wp:term":[{"taxonomy":"product_brand","embeddable":true,"href":"https:\/\/comercializadoramaxielectricos.com\/index.php?rest_route=%2Fwp%2Fv2%2Fproduct_brand&post=266"},{"taxonomy":"product_cat","embeddable":true,"href":"https:\/\/comercializadoramaxielectricos.com\/index.php?rest_route=%2Fwp%2Fv2%2Fproduct_cat&post=266"},{"taxonomy":"product_tag","embeddable":true,"href":"https:\/\/comercializadoramaxielectricos.com\/index.php?rest_route=%2Fwp%2Fv2%2Fproduct_tag&post=266"}],"curies":[{"name":"wp","href":"https:\/\/api.w.org\/{rel}","templated":true}]}}