{"id":205,"date":"2025-02-13T16:59:25","date_gmt":"2025-02-13T15:59:25","guid":{"rendered":"https:\/\/comercializadoramaxielectricos.com\/?post_type=product&#038;p=205"},"modified":"2026-02-05T02:12:42","modified_gmt":"2026-02-05T01:12:42","slug":"aislador-de-suspension-polimerico-sintetico-de-25kv","status":"publish","type":"product","link":"https:\/\/comercializadoramaxielectricos.com\/?product=aislador-de-suspension-polimerico-sintetico-de-25kv","title":{"rendered":"Aislador de Suspension Polimerico Sintetico de 25KV"},"content":{"rendered":"<p data-sourcepos=\"5:1-5:297\">Un aislador de suspensi\u00f3n polim\u00e9rico sint\u00e9tico de 25 kV es un dispositivo dise\u00f1ado para soportar mec\u00e1nicamente y aislar el\u00e9ctricamente los conductores de una l\u00ednea el\u00e9ctrica de 25 kilovoltios (kV). Est\u00e1 fabricado con materiales polim\u00e9ricos sint\u00e9ticos en lugar de la tradicional porcelana o vidrio.<\/p>\n<p data-sourcepos=\"7:1-7:31\"><strong>Caracter\u00edsticas y ventajas:<\/strong><\/p>\n<ul data-sourcepos=\"9:1-17:0\">\n<li data-sourcepos=\"9:1-9:170\"><strong>Material:<\/strong> Fabricado con pol\u00edmeros sint\u00e9ticos como silicona o EPDM, que ofrecen alta resistencia a la tracci\u00f3n, flexibilidad y propiedades diel\u00e9ctricas superiores.<\/li>\n<li data-sourcepos=\"10:1-10:64\"><strong>Tensi\u00f3n:<\/strong> Dise\u00f1ado para l\u00edneas de media tensi\u00f3n de 25 kV.<\/li>\n<li data-sourcepos=\"11:1-11:167\"><strong>Dise\u00f1o:<\/strong> Suelen tener forma de campana o m\u00faltiples faldas para aumentar la distancia de fuga y mejorar el aislamiento en condiciones de humedad o contaminaci\u00f3n.<\/li>\n<li data-sourcepos=\"12:1-12:142\"><strong>Ligereza:<\/strong> M\u00e1s ligeros que los aisladores de porcelana, lo que facilita su instalaci\u00f3n y reduce la carga en las estructuras de soporte.<\/li>\n<li data-sourcepos=\"13:1-13:147\"><strong>Resistencia a la intemperie:<\/strong> Resistentes a la radiaci\u00f3n UV, ozono, humedad y contaminaci\u00f3n ambiental, lo que garantiza una larga vida \u00fatil.<\/li>\n<li data-sourcepos=\"14:1-14:131\"><strong>Resistencia mec\u00e1nica:<\/strong> Capaces de soportar las tensiones mec\u00e1nicas de los conductores y las condiciones clim\u00e1ticas adversas.<\/li>\n<li data-sourcepos=\"15:1-15:90\"><strong>F\u00e1cil instalaci\u00f3n:<\/strong> Su dise\u00f1o y menor peso facilitan su instalaci\u00f3n y manipulaci\u00f3n.<\/li>\n<li data-sourcepos=\"16:1-17:0\"><strong>Bajo mantenimiento:<\/strong> No requieren limpieza ni mantenimiento especial, lo que reduce los costos operativos.<\/li>\n<\/ul>\n","protected":false},"excerpt":{"rendered":"<p>Aislador de suspensi\u00f3n polim\u00e9rico para l\u00edneas el\u00e9ctricas de 25 kV.<\/p>\n","protected":false},"featured_media":207,"comment_status":"open","ping_status":"closed","template":"","meta":[],"product_brand":[],"product_cat":[44],"product_tag":[53,43,51,54,55,21,27,24,28,22,26,42,50,23,49,52],"class_list":{"0":"post-205","1":"product","2":"type-product","3":"status-publish","4":"has-post-thumbnail","6":"product_cat-aislador-de-suspension","7":"product_tag-10-ansi-52-4-ansi-52-4","8":"product_tag-23kva","9":"product_tag-aislador","10":"product_tag-aislador-de-suspension-polimerico","11":"product_tag-aislador-de-suspension-polimerico-sintetico-de-25kv","12":"product_tag-aisladores","13":"product_tag-ansi","14":"product_tag-baja-tesion","15":"product_tag-carrete","16":"product_tag-ceramica","17":"product_tag-herrajeria","18":"product_tag-line-post","19":"product_tag-media-tension","20":"product_tag-porcelana","21":"product_tag-suspencion","22":"product_tag-suspension","24":"first","25":"instock","26":"taxable","27":"shipping-taxable","28":"purchasable","29":"product-type-simple"},"aioseo_notices":[],"_links":{"self":[{"href":"https:\/\/comercializadoramaxielectricos.com\/index.php?rest_route=\/wp\/v2\/product\/205","targetHints":{"allow":["GET"]}}],"collection":[{"href":"https:\/\/comercializadoramaxielectricos.com\/index.php?rest_route=\/wp\/v2\/product"}],"about":[{"href":"https:\/\/comercializadoramaxielectricos.com\/index.php?rest_route=\/wp\/v2\/types\/product"}],"replies":[{"embeddable":true,"href":"https:\/\/comercializadoramaxielectricos.com\/index.php?rest_route=%2Fwp%2Fv2%2Fcomments&post=205"}],"version-history":[{"count":0,"href":"https:\/\/comercializadoramaxielectricos.com\/index.php?rest_route=\/wp\/v2\/product\/205\/revisions"}],"wp:featuredmedia":[{"embeddable":true,"href":"https:\/\/comercializadoramaxielectricos.com\/index.php?rest_route=\/wp\/v2\/media\/207"}],"wp:attachment":[{"href":"https:\/\/comercializadoramaxielectricos.com\/index.php?rest_route=%2Fwp%2Fv2%2Fmedia&parent=205"}],"wp:term":[{"taxonomy":"product_brand","embeddable":true,"href":"https:\/\/comercializadoramaxielectricos.com\/index.php?rest_route=%2Fwp%2Fv2%2Fproduct_brand&post=205"},{"taxonomy":"product_cat","embeddable":true,"href":"https:\/\/comercializadoramaxielectricos.com\/index.php?rest_route=%2Fwp%2Fv2%2Fproduct_cat&post=205"},{"taxonomy":"product_tag","embeddable":true,"href":"https:\/\/comercializadoramaxielectricos.com\/index.php?rest_route=%2Fwp%2Fv2%2Fproduct_tag&post=205"}],"curies":[{"name":"wp","href":"https:\/\/api.w.org\/{rel}","templated":true}]}}